{"id":14814,"date":"2023-03-14T16:08:23","date_gmt":"2023-03-14T13:08:23","guid":{"rendered":"https:\/\/www.kodingtech.com\/?page_id=14814"},"modified":"2025-06-27T12:27:46","modified_gmt":"2025-06-27T12:27:46","slug":"aboutazureappmodernization","status":"publish","type":"page","link":"https:\/\/kodingtech.com\/en\/aboutazureappmodernization\/","title":{"rendered":"LP-AboutAzureAppModernization"},"content":{"rendered":"<p>Ce este Azure si cum te poate ajuta sa iti<\/p>\n<h2>Modernizezi aplicatiile<\/h2>\n<p>\t\t\t\t\t\t\t\t\t\t\t\t\t\t\t<img decoding=\"async\" width=\"800\" height=\"463\" src=\"https:\/\/www.kodingtech.com\/wp-content\/uploads\/2023\/03\/overview-1024x592.png\" alt=\"\" loading=\"lazy\" srcset=\"https:\/\/www.kodingtech.com\/wp-content\/uploads\/2023\/03\/overview-1024x592.png 1024w, https:\/\/www.kodingtech.com\/wp-content\/uploads\/2023\/03\/overview-300x173.png 300w, https:\/\/www.kodingtech.com\/wp-content\/uploads\/2023\/03\/overview-768x444.png 768w, http:\/\/kodingtech.com\/wp-content\/uploads\/2023\/03\/overview.png 1519w\" sizes=\"auto, (max-width: 800px) 100vw, 800px\" \/>\t\t\t\t\t\t\t\t\t\t\t\t\t\t\t<\/p>\n<p>Microsoft Azure este o platform\u0103 de cloud oferit\u0103 de Microsoft, care permite utilizatorilor s\u0103 \u00ee\u0219i construiasc\u0103, s\u0103 \u00ee\u0219i implementeze \u0219i s\u0103 \u00ee\u0219i gestioneze aplica\u021biile \u0219i serviciile \u00eentr-un mediu scalabil \u0219i securizat.<\/p>\n<p>Azure ofer\u0103 o gam\u0103 larg\u0103 de servicii, inclusiv stocare, procesare, analiz\u0103 \u0219i machine learning, precum \u0219i suport pentru diverse limbaje de programare \u0219i sisteme de operare.<\/p>\n<p>\u00a0<\/p>\n<p style=\"margin: 0px;\">Azure offers solutions to help you throughout the entire application development process \u2013 from writing, to hosting, and monitoring it. For the application creation process, Azure DevOps manages the essential tasks \u2013 hosting the code, project management, running tests, and creating deliverables. Azure solutions for PaaS, Azure App Service, give you the assurance that your application will have maximum availability for your customers, and Azure Log Analytics gives you an overview of all operations taking place in the application. All of these services are, of course, managed only by the people in the company who should have access to them, thanks to the Azure Active Directory role system.<\/p>\n<p>\u00a0<\/p>\n<p>\u00a0<\/p>\n<p>\t\t\t\t\t\t\t\t\t\t\t\t\t\t\t<img decoding=\"async\" width=\"310\" height=\"163\" src=\"http:\/\/kodingtech.com\/wp-content\/uploads\/2023\/03\/download.png\" alt=\"\" loading=\"lazy\" srcset=\"http:\/\/kodingtech.com\/wp-content\/uploads\/2023\/03\/download.png 310w, https:\/\/www.kodingtech.com\/wp-content\/uploads\/2023\/03\/download-300x158.png 300w\" sizes=\"auto, (max-width: 310px) 100vw, 310px\" \/><br \/>\n\t\t\t\t\t\t\t\t\t\t\t\t\t\t\t<img decoding=\"async\" width=\"317\" height=\"159\" src=\"http:\/\/kodingtech.com\/wp-content\/uploads\/2023\/03\/images.png\" alt=\"\" loading=\"lazy\" srcset=\"http:\/\/kodingtech.com\/wp-content\/uploads\/2023\/03\/images.png 317w, https:\/\/www.kodingtech.com\/wp-content\/uploads\/2023\/03\/images-300x150.png 300w\" sizes=\"auto, (max-width: 317px) 100vw, 317px\" \/>\t\t\t\t\t\t\t\t\t\t\t\t\t\t\t<\/p>\n<p>Modernizarea unei aplica\u021bii existente poate fi un proces dificil \u0219i costisitor, dar cu ajutorul serviciilor \u0219i instrumentelor oferite de Microsoft Azure, acest proces poate fi mult mai simplu \u0219i mai eficient. \u00cen acest articol, vom explora modalit\u0103\u021bile prin care Azure poate fi folosit pentru a moderniza o aplica\u021bie existent\u0103 \u0219i beneficiile pe care aceast\u0103 modernizare le poate aduce.<\/p>\n<p style=\"margin: 0px;\">\u00a0<\/p>\n<p>\u00cen primul r\u00e2nd, pentru a moderniza o aplica\u021bie existent\u0103, trebuie s\u0103 se ia \u00een considerare arhitectura acesteia. \u00cen cazul \u00een care aplica\u021bia este construit\u0103 pe o arhitectur\u0103 monolit, aceasta poate fi modernizat\u0103 prin migrarea la o arhitectur\u0103 bazat\u0103 pe microservicii. Aceast\u0103 modernizare va permite o mai mare scalabilitate, o mai bun\u0103 eficien\u021b\u0103 \u0219i o mai bun\u0103 gestionare a resurselor. Azure ofer\u0103 servicii precum Azure Kubernetes Service (AKS) \u0219i Azure Service Fabric pentru a gestiona \u0219i scala serviciile.<\/p>\n<p>\u00a0<\/p>\n<p>Un alt aspect important \u00een modernizarea unei aplica\u021bii existente este migrarea acesteia c\u0103tre cloud. Prin mutarea aplica\u021biei \u00een cloud, aceasta poate beneficia de resurse scalabile, disponibilitate sporit\u0103 \u0219i costuri mai reduse. Azure ofer\u0103 servicii precum Azure App Service \u0219i Azure Functions pentru a migra aplica\u021biile existente c\u0103tre cloud.<\/p>\n<p>Un alt aspect important al moderniz\u0103rii unei aplica\u021bii este securitatea. Azure ofer\u0103 o gam\u0103 larg\u0103 de servicii de securitate, inclusiv Azure Security Center \u0219i Azure Active Directory, pentru a proteja aplica\u021bia \u00eempotriva atacurilor cibernetice \u0219i a vulnerabilit\u0103\u021bilor.<\/p>\n<p>\u00cen plus, Azure ofer\u0103 servicii de analiz\u0103 \u0219i monitorizare pentru a ajuta la \u00eembun\u0103t\u0103\u021birea performan\u021bei \u0219i la identificarea problemelor. Serviciile precum Azure Monitor \u0219i Azure Application Insights pot ajuta la identificarea \u0219i rezolvarea rapid\u0103 a problemelor, precum \u0219i la \u00eembun\u0103t\u0103\u021birea performan\u021bei aplica\u021biei.<\/p>\n<p>\u00a0<\/p>\n<p>\u00cen concluzie, modernizarea unei aplica\u021bii existente poate aduce beneficii semnificative, cum ar fi scalabilitate sporit\u0103, performan\u021b\u0103 \u00eembun\u0103t\u0103\u021bit\u0103 \u0219i costuri reduse. Cu serviciile \u0219i instrumentele oferite de Microsoft Azure, acest proces poate fi mult mai simplu \u0219i mai eficient. Prin migrarea aplica\u021biei \u00een cloud, adoptarea unei arhitecturi bazate pe microservicii \u0219i folosirea serviciilor de securitate \u0219i monitorizare oferite de Azure, aplica\u021bia poate fi modernizat\u0103 \u0219i \u00eembun\u0103t\u0103\u021bit\u0103 \u00een mod semnificativ.<\/p>\n<p>\u00a0<\/p>\n<p>\t\t\t\t\t\t\t\t\t\t\t\t\t\t\t<img decoding=\"async\" width=\"800\" height=\"450\" src=\"http:\/\/kodingtech.com\/wp-content\/uploads\/2023\/03\/microsoft-azure-1.jpg\" alt=\"\" loading=\"lazy\" srcset=\"http:\/\/kodingtech.com\/wp-content\/uploads\/2023\/03\/microsoft-azure-1.jpg 800w, https:\/\/www.kodingtech.com\/wp-content\/uploads\/2023\/03\/microsoft-azure-1-300x169.jpg 300w, https:\/\/www.kodingtech.com\/wp-content\/uploads\/2023\/03\/microsoft-azure-1-768x432.jpg 768w\" sizes=\"auto, (max-width: 800px) 100vw, 800px\" \/>\t\t\t\t\t\t\t\t\t\t\t\t\t\t\t<\/p>\n<h2>Find out more details<\/h2>","protected":false},"excerpt":{"rendered":"<p>Ce este Azure si cum te poate ajuta sa iti Modernizezi aplicatiile Microsoft Azure este o platform\u0103 de cloud oferit\u0103 de Microsoft, care permite utilizatorilor s\u0103 \u00ee\u0219i construiasc\u0103, s\u0103 \u00ee\u0219i implementeze \u0219i s\u0103 \u00ee\u0219i gestioneze aplica\u021biile \u0219i serviciile \u00eentr-un mediu scalabil \u0219i securizat. Azure ofer\u0103 o gam\u0103 larg\u0103 de servicii, inclusiv stocare, procesare, analiz\u0103 \u0219i [&hellip;]<\/p>\n","protected":false},"author":1,"featured_media":0,"parent":0,"menu_order":0,"comment_status":"closed","ping_status":"closed","template":"","meta":{"_breakdance_hide_in_design_set":false,"_breakdance_tags":"","footnotes":""},"class_list":["post-14814","page","type-page","status-publish","hentry"],"_links":{"self":[{"href":"https:\/\/kodingtech.com\/en\/wp-json\/wp\/v2\/pages\/14814","targetHints":{"allow":["GET"]}}],"collection":[{"href":"https:\/\/kodingtech.com\/en\/wp-json\/wp\/v2\/pages"}],"about":[{"href":"https:\/\/kodingtech.com\/en\/wp-json\/wp\/v2\/types\/page"}],"author":[{"embeddable":true,"href":"https:\/\/kodingtech.com\/en\/wp-json\/wp\/v2\/users\/1"}],"replies":[{"embeddable":true,"href":"https:\/\/kodingtech.com\/en\/wp-json\/wp\/v2\/comments?post=14814"}],"version-history":[{"count":1,"href":"https:\/\/kodingtech.com\/en\/wp-json\/wp\/v2\/pages\/14814\/revisions"}],"predecessor-version":[{"id":15931,"href":"https:\/\/kodingtech.com\/en\/wp-json\/wp\/v2\/pages\/14814\/revisions\/15931"}],"wp:attachment":[{"href":"https:\/\/kodingtech.com\/en\/wp-json\/wp\/v2\/media?parent=14814"}],"curies":[{"name":"wp","href":"https:\/\/api.w.org\/{rel}","templated":true}]}}