{"id":15405,"date":"2024-09-29T16:00:23","date_gmt":"2024-09-29T13:00:23","guid":{"rendered":"https:\/\/www.kodingtech.com\/?page_id=15405"},"modified":"2024-09-29T16:00:23","modified_gmt":"2024-09-29T13:00:23","slug":"surface-eveniment-endusers","status":"publish","type":"page","link":"https:\/\/kodingtech.com\/en\/surface-eveniment-endusers\/","title":{"rendered":"Surface eveniment endusers"},"content":{"rendered":"<p>Inregistreaza-te la webinar folosind formularul de contact din josul paginii<\/p>\n<h2>Laptop or AI?<\/h2>\n<h2>Why not both?<\/h2>\n<h2>Inova\u021bie \u0219i Productivitate: Descoper\u0103 Noua Gama Surface Integrat\u0103 cu AI<\/h2>\n<p>Avem placerea se te invitam pe\u00a030 septembrie 2024, de la ora 13:00\u00a0 la un eveniment in care vom discuta despre noile produse din gama Surface, unde vom explora inova\u021biile tehnologice. \u00cen cadrul discu\u021biilor, vom aborda \u0219i modul \u00een care solu\u021biile AI se integreaz\u0103 perfect cu produsele Surface pentru a \u00eembun\u0103t\u0103\u021bi productivitatea.<\/p>\n<p>\t\t\t\t\t\t\t\t\t\t\t\t\t<img loading=\"lazy\" decoding=\"async\" width=\"300\" height=\"169\" src=\"https:\/\/www.kodingtech.com\/wp-content\/uploads\/2021\/08\/Microsoft-Office-365-Logo-300x169.png\" alt=\"\" srcset=\"https:\/\/www.kodingtech.com\/wp-content\/uploads\/2021\/08\/Microsoft-Office-365-Logo-300x169.png 300w, https:\/\/www.kodingtech.com\/wp-content\/uploads\/2021\/08\/Microsoft-Office-365-Logo-1024x576.png 1024w, https:\/\/www.kodingtech.com\/wp-content\/uploads\/2021\/08\/Microsoft-Office-365-Logo-768x432.png 768w, https:\/\/www.kodingtech.com\/wp-content\/uploads\/2021\/08\/Microsoft-Office-365-Logo-1536x864.png 1536w, https:\/\/www.kodingtech.com\/wp-content\/uploads\/2021\/08\/Microsoft-Office-365-Logo-2048x1152.png 2048w\" sizes=\"auto, (max-width: 300px) 100vw, 300px\" \/><br \/>\n\t\t\t\t\t\t\t\t\t\t\t\t\t<img decoding=\"async\" src=\"https:\/\/www.kodingtech.com\/wp-content\/uploads\/elementor\/thumbs\/download-qutmuwbcs379p1c9ptgwrown8qkgeg5v3wn85c2ei8.jpg\" title=\"download\" alt=\"download\" loading=\"lazy\" \/><br \/>\n\t\t\t\t\t\t\t\t\t\t\t\t\t<img decoding=\"async\" src=\"https:\/\/www.kodingtech.com\/wp-content\/uploads\/elementor\/thumbs\/logo-alb-negru-scaled-peu8fg0gd1t2p0elb84lmn8fgcb286j6fynr0t495s.jpg\" title=\"black-and-white logo\" alt=\"black-and-white logo\" loading=\"lazy\" \/><br \/>\n\t\t\t<a href=\"#form\"><br \/>\n\t\t\t\t\t\tInregistreaza-te<br \/>\n\t\t\t\t\t<\/a><br \/>\n\t\t\t\t\t\t\t\t\t\t\t\t\t<img loading=\"lazy\" decoding=\"async\" width=\"800\" height=\"450\" src=\"http:\/\/kodingtech.com\/wp-content\/uploads\/2024\/06\/surface-laptop-7th-edition-platinum-front-render-copilot_VP5-1920x1080-1.avif\" alt=\"\" \/>\t\t\t\t\t\t\t\t\t\t\t\t\t<\/p>\n<p><strong>Descoper\u0103 Puterea Absoluta<\/strong><\/p>\n<p>\u00a0<\/p>\n<p>Noua gam\u0103 Surface aduce echipamente inovatoare, concepute pentru a oferi performan\u021b\u0103 de top \u0219i flexibilitate \u00eentr-un design elegant \u0219i versatil. Cu specifica\u021bii tehnice \u00eembun\u0103t\u0103\u021bite, autonomie extins\u0103 \u0219i integrare avansat\u0103 cu solu\u021biile de inteligen\u021b\u0103 artificial\u0103, produsele Surface sunt ideale pentru utilizatorii care doresc s\u0103 \u00eembine creativitatea cu productivitatea. Indiferent dac\u0103 e\u0219ti \u00een c\u0103utarea unui laptop ultra-portabil, a unui dispozitiv 2-\u00een-1 sau a unei tablete puternice, noua gam\u0103 Surface \u00ee\u021bi ofer\u0103 solu\u021bii moderne pentru orice provocare.<\/p>\n<h2>Event details<\/h2>\n<h3>\n\t\t\t\t<\/h3>\n<p>\n\t\t\t\t\t\tData: 30 septembrie\t\t\t\t\t<\/p>\n<h3>\n\t\t\t\t<\/h3>\n<p>\n\t\t\t\t\t\tTime: 1:00 PM\t\t\t\t\t<\/p>\n<h3>\n\t\t\t\t<\/h3>\n<p>\n\t\t\t\t\t\tWhere: Online\t\t\t\t\t<\/p>\n<h3>\n\t\t\t\t<\/h3>\n<p>\n\t\t\t\t\t\tPrezentator: <b>Tudor Bledea<\/b><br \/><b>BDM Microsoft<\/b>\t\t\t\t\t<\/p>\n<h2>&nbsp;\u00censcrie-te la webinar-ul nostru.<br \/>Online Microsoft Teams<br \/>&nbsp;30 septembrie 2024, \u00eencep\u00e2nd cu ora 11:00<\/h2>","protected":false},"excerpt":{"rendered":"<p>Inregistreaza-te la webinar folosind formularul de contact din josul paginii Laptop sau AI? De ce nu ambele? Inova\u021bie \u0219i Productivitate: Descoper\u0103 Noua Gama Surface Integrat\u0103 cu AI Avem placerea se te invitam pe\u00a030 septembrie 2024, de la ora 13:00\u00a0 la un eveniment in care vom discuta despre noile produse din gama Surface, unde vom explora [&hellip;]<\/p>\n","protected":false},"author":1,"featured_media":0,"parent":0,"menu_order":0,"comment_status":"closed","ping_status":"closed","template":"","meta":{"_breakdance_hide_in_design_set":false,"_breakdance_tags":"","footnotes":""},"class_list":["post-15405","page","type-page","status-publish","hentry"],"_links":{"self":[{"href":"https:\/\/kodingtech.com\/en\/wp-json\/wp\/v2\/pages\/15405","targetHints":{"allow":["GET"]}}],"collection":[{"href":"https:\/\/kodingtech.com\/en\/wp-json\/wp\/v2\/pages"}],"about":[{"href":"https:\/\/kodingtech.com\/en\/wp-json\/wp\/v2\/types\/page"}],"author":[{"embeddable":true,"href":"https:\/\/kodingtech.com\/en\/wp-json\/wp\/v2\/users\/1"}],"replies":[{"embeddable":true,"href":"https:\/\/kodingtech.com\/en\/wp-json\/wp\/v2\/comments?post=15405"}],"version-history":[{"count":0,"href":"https:\/\/kodingtech.com\/en\/wp-json\/wp\/v2\/pages\/15405\/revisions"}],"wp:attachment":[{"href":"https:\/\/kodingtech.com\/en\/wp-json\/wp\/v2\/media?parent=15405"}],"curies":[{"name":"wp","href":"https:\/\/api.w.org\/{rel}","templated":true}]}}