{"id":15614,"date":"2024-11-11T11:24:35","date_gmt":"2024-11-11T08:24:35","guid":{"rendered":"https:\/\/www.kodingtech.com\/?page_id=15477"},"modified":"2024-11-11T11:24:35","modified_gmt":"2024-11-11T08:24:35","slug":"microsoft-security-noiembrie","status":"publish","type":"page","link":"https:\/\/kodingtech.com\/en\/microsoft-security-noiembrie\/","title":{"rendered":"Security November"},"content":{"rendered":"<h1>Protecting Your Company&#039;s Data with Microsoft 365<br \/>\n<\/h1>\n<p>\t\tMicrosoft 365 offers robust security solutions specifically designed for small and medium-sized businesses. Protect your business from cyberattacks and ensure that confidential information is safe with advanced protection capabilities built into Microsoft 365.<\/p>\n<h2>Concrete examples<\/h2>\n<p>\t\t\t\t<svg xmlns=\"http:\/\/www.w3.org\/2000\/svg\" id=\"ffc0b464-8bd6-40bb-95d2-8e139eadf570\" data-name=\"Layer 1\" width=\"58.1127\" height=\"41.1127\" viewbox=\"0 0 58.1127 41.1127\"><g id=\"ebca7000-fba3-4b05-a693-865fd6760b7e\" data-name=\"Design\"><g id=\"b8696e7c-d175-4078-bb71-be687ea8c9cc\" data-name=\"Home\"><g id=\"aed97fe7-b696-46b6-8d0d-050d60c01494\" data-name=\"Group-7\"><g id=\"b9610e44-0d3d-487b-9134-3342137fdddb\" data-name=\"Group-12\"><rect id=\"bf05bf57-8021-47bb-89aa-b3ee1df77c39\" data-name=\"Rectangle-Copy-14\" x=\"7.6386\" y=\"7.2696\" width=\"32\" height=\"32\" rx=\"5\" transform=\"translate(-12.6127 20.8173) rotate(-45)\" style=\"opacity:0.5015687346458435;isolation:isolate\"><\/rect><rect id=\"b9e70fac-6a33-4483-a3bc-b12d93737cac\" data-name=\"Rectangle-Copy-15\" x=\"24.6386\" y=\"7.2696\" width=\"32\" height=\"32\" rx=\"5\" transform=\"translate(-7.6335 32.8381) rotate(-45)\"><\/rect><\/g><\/g><\/g><\/g><\/svg>\t\t\t\t<\/p>\n<h3>\n\t\t\t\t\t\t\tMulti-Factor Authentication (MFA)<br \/>\n\t\t\t\t\t<\/h3>\n<p>\t\tEnsure that only authorized users have access to company accounts by requiring two-step authentication.<br \/>\n\t\t\t\t<svg xmlns=\"http:\/\/www.w3.org\/2000\/svg\" id=\"ffc0b464-8bd6-40bb-95d2-8e139eadf570\" data-name=\"Layer 1\" width=\"58.1127\" height=\"41.1127\" viewbox=\"0 0 58.1127 41.1127\"><g id=\"ebca7000-fba3-4b05-a693-865fd6760b7e\" data-name=\"Design\"><g id=\"b8696e7c-d175-4078-bb71-be687ea8c9cc\" data-name=\"Home\"><g id=\"aed97fe7-b696-46b6-8d0d-050d60c01494\" data-name=\"Group-7\"><g id=\"b9610e44-0d3d-487b-9134-3342137fdddb\" data-name=\"Group-12\"><rect id=\"bf05bf57-8021-47bb-89aa-b3ee1df77c39\" data-name=\"Rectangle-Copy-14\" x=\"7.6386\" y=\"7.2696\" width=\"32\" height=\"32\" rx=\"5\" transform=\"translate(-12.6127 20.8173) rotate(-45)\" style=\"opacity:0.5015687346458435;isolation:isolate\"><\/rect><rect id=\"b9e70fac-6a33-4483-a3bc-b12d93737cac\" data-name=\"Rectangle-Copy-15\" x=\"24.6386\" y=\"7.2696\" width=\"32\" height=\"32\" rx=\"5\" transform=\"translate(-7.6335 32.8381) rotate(-45)\"><\/rect><\/g><\/g><\/g><\/g><\/svg>\t\t\t\t<\/p>\n<h3>\n\t\t\t\t\t\t\tAdministrator Account Protection<br \/>\n\t\t\t\t\t<\/h3>\n<p>\t\tSecures administrator accounts, providing additional layers of protection against unauthorized access.<br \/>\n\t\t\t\t<svg xmlns=\"http:\/\/www.w3.org\/2000\/svg\" id=\"ffc0b464-8bd6-40bb-95d2-8e139eadf570\" data-name=\"Layer 1\" width=\"58.1127\" height=\"41.1127\" viewbox=\"0 0 58.1127 41.1127\"><g id=\"ebca7000-fba3-4b05-a693-865fd6760b7e\" data-name=\"Design\"><g id=\"b8696e7c-d175-4078-bb71-be687ea8c9cc\" data-name=\"Home\"><g id=\"aed97fe7-b696-46b6-8d0d-050d60c01494\" data-name=\"Group-7\"><g id=\"b9610e44-0d3d-487b-9134-3342137fdddb\" data-name=\"Group-12\"><rect id=\"bf05bf57-8021-47bb-89aa-b3ee1df77c39\" data-name=\"Rectangle-Copy-14\" x=\"7.6386\" y=\"7.2696\" width=\"32\" height=\"32\" rx=\"5\" transform=\"translate(-12.6127 20.8173) rotate(-45)\" style=\"opacity:0.5015687346458435;isolation:isolate\"><\/rect><rect id=\"b9e70fac-6a33-4483-a3bc-b12d93737cac\" data-name=\"Rectangle-Copy-15\" x=\"24.6386\" y=\"7.2696\" width=\"32\" height=\"32\" rx=\"5\" transform=\"translate(-7.6335 32.8381) rotate(-45)\"><\/rect><\/g><\/g><\/g><\/g><\/svg>\t\t\t\t<\/p>\n<h3>\n\t\t\t\t\t\t\tDefault Security Policies<br \/>\n\t\t\t\t\t<\/h3>\n<p>\t\tUse predefined security policies to protect the content of emails and collaborative documents.\t\t<\/p>\n<h2>More<\/h2>\n<p>\t\t\t\t<svg xmlns=\"http:\/\/www.w3.org\/2000\/svg\" id=\"ffc0b464-8bd6-40bb-95d2-8e139eadf570\" data-name=\"Layer 1\" width=\"58.1127\" height=\"41.1127\" viewbox=\"0 0 58.1127 41.1127\"><g id=\"ebca7000-fba3-4b05-a693-865fd6760b7e\" data-name=\"Design\"><g id=\"b8696e7c-d175-4078-bb71-be687ea8c9cc\" data-name=\"Home\"><g id=\"aed97fe7-b696-46b6-8d0d-050d60c01494\" data-name=\"Group-7\"><g id=\"b9610e44-0d3d-487b-9134-3342137fdddb\" data-name=\"Group-12\"><rect id=\"bf05bf57-8021-47bb-89aa-b3ee1df77c39\" data-name=\"Rectangle-Copy-14\" x=\"7.6386\" y=\"7.2696\" width=\"32\" height=\"32\" rx=\"5\" transform=\"translate(-12.6127 20.8173) rotate(-45)\" style=\"opacity:0.5015687346458435;isolation:isolate\"><\/rect><rect id=\"b9e70fac-6a33-4483-a3bc-b12d93737cac\" data-name=\"Rectangle-Copy-15\" x=\"24.6386\" y=\"7.2696\" width=\"32\" height=\"32\" rx=\"5\" transform=\"translate(-7.6335 32.8381) rotate(-45)\"><\/rect><\/g><\/g><\/g><\/g><\/svg>\t\t\t\t<\/p>\n<h3>\n\t\t\t\t\t\t\tDevice Protection<br \/>\n\t\t\t\t\t<\/h3>\n<p>\t\tMake sure all company devices, including computers and mobile phones, are protected against malware and phishing attacks.<br \/>\n\t\t\t\t<svg xmlns=\"http:\/\/www.w3.org\/2000\/svg\" id=\"ffc0b464-8bd6-40bb-95d2-8e139eadf570\" data-name=\"Layer 1\" width=\"58.1127\" height=\"41.1127\" viewbox=\"0 0 58.1127 41.1127\"><g id=\"ebca7000-fba3-4b05-a693-865fd6760b7e\" data-name=\"Design\"><g id=\"b8696e7c-d175-4078-bb71-be687ea8c9cc\" data-name=\"Home\"><g id=\"aed97fe7-b696-46b6-8d0d-050d60c01494\" data-name=\"Group-7\"><g id=\"b9610e44-0d3d-487b-9134-3342137fdddb\" data-name=\"Group-12\"><rect id=\"bf05bf57-8021-47bb-89aa-b3ee1df77c39\" data-name=\"Rectangle-Copy-14\" x=\"7.6386\" y=\"7.2696\" width=\"32\" height=\"32\" rx=\"5\" transform=\"translate(-12.6127 20.8173) rotate(-45)\" style=\"opacity:0.5015687346458435;isolation:isolate\"><\/rect><rect id=\"b9e70fac-6a33-4483-a3bc-b12d93737cac\" data-name=\"Rectangle-Copy-15\" x=\"24.6386\" y=\"7.2696\" width=\"32\" height=\"32\" rx=\"5\" transform=\"translate(-7.6335 32.8381) rotate(-45)\"><\/rect><\/g><\/g><\/g><\/g><\/svg>\t\t\t\t<\/p>\n<h3>\n\t\t\t\t\t\t\tSecurity Practices Training<br \/>\n\t\t\t\t\t<\/h3>\n<p>\t\tEducate your team about security best practices to minimize the risks of phishing and other cyberattacks.<br \/>\n\t\t\t\t<svg xmlns=\"http:\/\/www.w3.org\/2000\/svg\" id=\"ffc0b464-8bd6-40bb-95d2-8e139eadf570\" data-name=\"Layer 1\" width=\"58.1127\" height=\"41.1127\" viewbox=\"0 0 58.1127 41.1127\"><g id=\"ebca7000-fba3-4b05-a693-865fd6760b7e\" data-name=\"Design\"><g id=\"b8696e7c-d175-4078-bb71-be687ea8c9cc\" data-name=\"Home\"><g id=\"aed97fe7-b696-46b6-8d0d-050d60c01494\" data-name=\"Group-7\"><g id=\"b9610e44-0d3d-487b-9134-3342137fdddb\" data-name=\"Group-12\"><rect id=\"bf05bf57-8021-47bb-89aa-b3ee1df77c39\" data-name=\"Rectangle-Copy-14\" x=\"7.6386\" y=\"7.2696\" width=\"32\" height=\"32\" rx=\"5\" transform=\"translate(-12.6127 20.8173) rotate(-45)\" style=\"opacity:0.5015687346458435;isolation:isolate\"><\/rect><rect id=\"b9e70fac-6a33-4483-a3bc-b12d93737cac\" data-name=\"Rectangle-Copy-15\" x=\"24.6386\" y=\"7.2696\" width=\"32\" height=\"32\" rx=\"5\" transform=\"translate(-7.6335 32.8381) rotate(-45)\"><\/rect><\/g><\/g><\/g><\/g><\/svg>\t\t\t\t<\/p>\n<h3>\n\t\t\t\t\t\t\tMicrosoft Teams for Secure Collaboration<br \/>\n\t\t\t\t\t<\/h3>\n<p>Collaborate securely with your team and partners with data and conversation protection features<\/p>\n<p>\u00a0<\/p>\n<h2>super<\/h2>\n<p>\t\t\t\t<svg xmlns=\"http:\/\/www.w3.org\/2000\/svg\" id=\"ffc0b464-8bd6-40bb-95d2-8e139eadf570\" data-name=\"Layer 1\" width=\"58.1127\" height=\"41.1127\" viewbox=\"0 0 58.1127 41.1127\"><g id=\"ebca7000-fba3-4b05-a693-865fd6760b7e\" data-name=\"Design\"><g id=\"b8696e7c-d175-4078-bb71-be687ea8c9cc\" data-name=\"Home\"><g id=\"aed97fe7-b696-46b6-8d0d-050d60c01494\" data-name=\"Group-7\"><g id=\"b9610e44-0d3d-487b-9134-3342137fdddb\" data-name=\"Group-12\"><rect id=\"bf05bf57-8021-47bb-89aa-b3ee1df77c39\" data-name=\"Rectangle-Copy-14\" x=\"7.6386\" y=\"7.2696\" width=\"32\" height=\"32\" rx=\"5\" transform=\"translate(-12.6127 20.8173) rotate(-45)\" style=\"opacity:0.5015687346458435;isolation:isolate\"><\/rect><rect id=\"b9e70fac-6a33-4483-a3bc-b12d93737cac\" data-name=\"Rectangle-Copy-15\" x=\"24.6386\" y=\"7.2696\" width=\"32\" height=\"32\" rx=\"5\" transform=\"translate(-7.6335 32.8381) rotate(-45)\"><\/rect><\/g><\/g><\/g><\/g><\/svg>\t\t\t\t<\/p>\n<h3>\n\t\t\t\t\t\t\tControlling File Sharing in SharePoint and OneDrive<br \/>\n\t\t\t\t\t<\/h3>\n<p>\t\tControl who can access your files and apply privacy labels to protect sensitive information.<br \/>\n\t\t\t\t<svg xmlns=\"http:\/\/www.w3.org\/2000\/svg\" id=\"ffc0b464-8bd6-40bb-95d2-8e139eadf570\" data-name=\"Layer 1\" width=\"58.1127\" height=\"41.1127\" viewbox=\"0 0 58.1127 41.1127\"><g id=\"ebca7000-fba3-4b05-a693-865fd6760b7e\" data-name=\"Design\"><g id=\"b8696e7c-d175-4078-bb71-be687ea8c9cc\" data-name=\"Home\"><g id=\"aed97fe7-b696-46b6-8d0d-050d60c01494\" data-name=\"Group-7\"><g id=\"b9610e44-0d3d-487b-9134-3342137fdddb\" data-name=\"Group-12\"><rect id=\"bf05bf57-8021-47bb-89aa-b3ee1df77c39\" data-name=\"Rectangle-Copy-14\" x=\"7.6386\" y=\"7.2696\" width=\"32\" height=\"32\" rx=\"5\" transform=\"translate(-12.6127 20.8173) rotate(-45)\" style=\"opacity:0.5015687346458435;isolation:isolate\"><\/rect><rect id=\"b9e70fac-6a33-4483-a3bc-b12d93737cac\" data-name=\"Rectangle-Copy-15\" x=\"24.6386\" y=\"7.2696\" width=\"32\" height=\"32\" rx=\"5\" transform=\"translate(-7.6335 32.8381) rotate(-45)\"><\/rect><\/g><\/g><\/g><\/g><\/svg>\t\t\t\t<\/p>\n<h3>\n\t\t\t\t\t\t\tAccess Microsoft 365 from Mobile Devices<br \/>\n\t\t\t\t\t<\/h3>\n<p>\t\tGive your team secure access to Microsoft 365 apps on any device.<br \/>\n\t\t\t\t<svg xmlns=\"http:\/\/www.w3.org\/2000\/svg\" id=\"ffc0b464-8bd6-40bb-95d2-8e139eadf570\" data-name=\"Layer 1\" width=\"58.1127\" height=\"41.1127\" viewbox=\"0 0 58.1127 41.1127\"><g id=\"ebca7000-fba3-4b05-a693-865fd6760b7e\" data-name=\"Design\"><g id=\"b8696e7c-d175-4078-bb71-be687ea8c9cc\" data-name=\"Home\"><g id=\"aed97fe7-b696-46b6-8d0d-050d60c01494\" data-name=\"Group-7\"><g id=\"b9610e44-0d3d-487b-9134-3342137fdddb\" data-name=\"Group-12\"><rect id=\"bf05bf57-8021-47bb-89aa-b3ee1df77c39\" data-name=\"Rectangle-Copy-14\" x=\"7.6386\" y=\"7.2696\" width=\"32\" height=\"32\" rx=\"5\" transform=\"translate(-12.6127 20.8173) rotate(-45)\" style=\"opacity:0.5015687346458435;isolation:isolate\"><\/rect><rect id=\"b9e70fac-6a33-4483-a3bc-b12d93737cac\" data-name=\"Rectangle-Copy-15\" x=\"24.6386\" y=\"7.2696\" width=\"32\" height=\"32\" rx=\"5\" transform=\"translate(-7.6335 32.8381) rotate(-45)\"><\/rect><\/g><\/g><\/g><\/g><\/svg>\t\t\t\t<\/p>\n<h3>\n\t\t\t\t\t\t\tMaintaining and Updating the Microsoft 365 Environment<br \/>\n\t\t\t\t\t<\/h3>\n<p>Maintain the security of the company&#039;s infrastructure through updates and constant monitoring of users and devices.<\/p>\n<p>\u00a0<\/p>\n<p>\t\t\t\t\t\t\t\t\t\t\t\t\t<img loading=\"lazy\" decoding=\"async\" width=\"800\" height=\"531\" src=\"http:\/\/kodingtech.com\/wp-content\/uploads\/2024\/06\/MSFT-Surface-Laptop-6-Sneak-Curosel-Pivot-2-eea.avif\" alt=\"\" \/>\t\t\t\t\t\t\t\t\t\t\t\t\t<\/p>\n<h1>Benefits of Microsoft 365 Security for businesses<\/h1>\n<ul>\n<li>\n<p><strong>Complete Data and Email Protection<\/strong><br \/>Microsoft 365 Business Premium includes advanced protection technologies, such as anti-phishing, anti-spam, and safe attachments, that keep your emails and documents safe.<\/p>\n<\/li>\n<li>\n<p><strong>Data Loss Prevention (DLP)<\/strong><br \/>DLP functionality prevents sensitive data leakage and allows you to configure rules for managing confidential information.<\/p>\n<\/li>\n<li>\n<p><strong>Controlled Access on Multiple Devices<\/strong><br \/>All devices that access company data are protected with access policies, encryption, and threat monitoring.<\/p>\n<\/li>\n<\/ul>\n<h1>Scalability<\/h1>\n<p>\t\tScalable and Integrated Solution \u2013 Protects up to 300 users.<\/p>\n<h1>Safety<\/h1>\n<p>\t\tNext-Generation Anti-Malware and Anti-Phishing Technology \u2013 Prevents cyber threats.\t\t<\/p>\n<h1>Administration<\/h1>\n<p>\t\tEasy Account and Device Management \u2013 Simplifies access management and device protection.\t\t<\/p>\n<h3>Let&#039;s discuss. <br \/>Transform the way you work!<\/h3>\n<h2>Receive 30 minutes of free consultation<\/h2>","protected":false},"excerpt":{"rendered":"<p>Protec\u021bia Datelor Companiei Tale cu Microsoft 365 Microsoft 365 ofer\u0103 solu\u021bii de securitate robuste special concepute pentru afaceri mici \u0219i mijlocii. Protejeaz\u0103-\u021bi afacerea \u00eempotriva atacurilor cibernetice \u0219i asigur\u0103-te c\u0103 informa\u021biile confiden\u021biale sunt \u00een siguran\u021b\u0103 cu func\u021bionalit\u0103\u021bile avansate de protec\u021bie integrate \u00een Microsoft 365. Exemple concrete Autentificare Multi-Factor (MFA) Asigur\u0103-te c\u0103 doar utilizatorii autoriza\u021bi au acces [&hellip;]<\/p>\n","protected":false},"author":1,"featured_media":0,"parent":0,"menu_order":0,"comment_status":"closed","ping_status":"closed","template":"","meta":{"_breakdance_hide_in_design_set":false,"_breakdance_tags":"","footnotes":""},"class_list":["post-15614","page","type-page","status-publish","hentry"],"_links":{"self":[{"href":"https:\/\/kodingtech.com\/en\/wp-json\/wp\/v2\/pages\/15614","targetHints":{"allow":["GET"]}}],"collection":[{"href":"https:\/\/kodingtech.com\/en\/wp-json\/wp\/v2\/pages"}],"about":[{"href":"https:\/\/kodingtech.com\/en\/wp-json\/wp\/v2\/types\/page"}],"author":[{"embeddable":true,"href":"https:\/\/kodingtech.com\/en\/wp-json\/wp\/v2\/users\/1"}],"replies":[{"embeddable":true,"href":"https:\/\/kodingtech.com\/en\/wp-json\/wp\/v2\/comments?post=15614"}],"version-history":[{"count":0,"href":"https:\/\/kodingtech.com\/en\/wp-json\/wp\/v2\/pages\/15614\/revisions"}],"wp:attachment":[{"href":"https:\/\/kodingtech.com\/en\/wp-json\/wp\/v2\/media?parent=15614"}],"curies":[{"name":"wp","href":"https:\/\/api.w.org\/{rel}","templated":true}]}}